{"id":976,"date":"2025-03-11T14:02:36","date_gmt":"2025-03-11T13:02:36","guid":{"rendered":"https:\/\/alfonsogiron.com\/?page_id=976"},"modified":"2025-05-20T13:16:19","modified_gmt":"2025-05-20T12:16:19","slug":"estudio_outside","status":"publish","type":"page","link":"https:\/\/alfonsogiron.com\/index.php\/estudio_outside\/","title":{"rendered":"GALER\u00cdA_estudio_outside"},"content":{"rendered":"<p>[et_pb_section fb_built=\u00bb1&#8243; _builder_version=\u00bb4.27.4&#8243; _module_preset=\u00bbdefault\u00bb global_colors_info=\u00bb{}\u00bb][et_pb_row _builder_version=\u00bb4.27.4&#8243; _module_preset=\u00bbf14690ba-5c61-4e72-9e63-df1877c55234&#8243; global_colors_info=\u00bb{}\u00bb][et_pb_column type=\u00bb4_4&#8243; _builder_version=\u00bb4.27.4&#8243; _module_preset=\u00bbdefault\u00bb global_colors_info=\u00bb{}\u00bb][et_pb_heading title=\u00bbOUTSIDE\u00bb _builder_version=\u00bb4.27.4&#8243; _module_preset=\u00bb2059e5fa-1a13-40af-a087-57f438b0a5d4&#8243; title_font=\u00bbOswald|700|||||||\u00bb title_text_color=\u00bb#727272&#8243; title_font_size=\u00bb43px\u00bb global_colors_info=\u00bb{}\u00bb][\/et_pb_heading][et_pb_text _builder_version=\u00bb4.27.4&#8243; _module_preset=\u00bbdefault\u00bb global_colors_info=\u00bb{}\u00bb]<\/p>\n<p>Selecci\u00f3n de ilustraciones de Arquitectura de proyectos propios y ajenos, desde diferentes puntos de vista y con diferentes grados de definici\u00f3n. El dibujo permite definir, enfacitar, ignorar, destacar o insinuar los aspectos que queramos del proyecto, en funci\u00f3n de qui\u00e9n lo vaya a interpretar.<\/p>\n<p>[\/et_pb_text][et_pb_gallery gallery_ids=\u00bb936,939,935,804,942,938,944,945,943,941,940,1704,1703,1705,933,948,947,946,1706,1707,1708,1710,1709,1711,1712,1713,934,2073,2074,2075&#8243; posts_number=\u00bb100&#8243; _builder_version=\u00bb4.27.4&#8243; _module_preset=\u00bb52b19a7c-ac3b-423a-8a64-6aa9ec8b2988&#8243; hover_enabled=\u00bb0&#8243; global_colors_info=\u00bb{}\u00bb sticky_enabled=\u00bb0&#8243;][\/et_pb_gallery][\/et_pb_column][\/et_pb_row][\/et_pb_section]<\/p>\n","protected":false},"excerpt":{"rendered":"<p>Selecci\u00f3n de ilustraciones de Arquitectura de proyectos propios y ajenos, desde diferentes puntos de vista y con diferentes grados de definici\u00f3n. El dibujo permite definir, enfacitar, ignorar, destacar o insinuar los aspectos que queramos del proyecto, en funci\u00f3n de qui\u00e9n lo vaya a interpretar.<\/p>\n","protected":false},"author":1,"featured_media":0,"parent":0,"menu_order":0,"comment_status":"closed","ping_status":"closed","template":"","meta":{"_et_pb_use_builder":"on","_et_pb_old_content":"","_et_gb_content_width":"","footnotes":""},"class_list":["post-976","page","type-page","status-publish","hentry"],"_links":{"self":[{"href":"https:\/\/alfonsogiron.com\/index.php\/wp-json\/wp\/v2\/pages\/976","targetHints":{"allow":["GET"]}}],"collection":[{"href":"https:\/\/alfonsogiron.com\/index.php\/wp-json\/wp\/v2\/pages"}],"about":[{"href":"https:\/\/alfonsogiron.com\/index.php\/wp-json\/wp\/v2\/types\/page"}],"author":[{"embeddable":true,"href":"https:\/\/alfonsogiron.com\/index.php\/wp-json\/wp\/v2\/users\/1"}],"replies":[{"embeddable":true,"href":"https:\/\/alfonsogiron.com\/index.php\/wp-json\/wp\/v2\/comments?post=976"}],"version-history":[{"count":15,"href":"https:\/\/alfonsogiron.com\/index.php\/wp-json\/wp\/v2\/pages\/976\/revisions"}],"predecessor-version":[{"id":2077,"href":"https:\/\/alfonsogiron.com\/index.php\/wp-json\/wp\/v2\/pages\/976\/revisions\/2077"}],"wp:attachment":[{"href":"https:\/\/alfonsogiron.com\/index.php\/wp-json\/wp\/v2\/media?parent=976"}],"curies":[{"name":"wp","href":"https:\/\/api.w.org\/{rel}","templated":true}]}}