{"id":1768,"date":"2025-04-11T19:19:35","date_gmt":"2025-04-11T18:19:35","guid":{"rendered":"https:\/\/alfonsogiron.com\/?page_id=1768"},"modified":"2025-05-08T19:24:13","modified_gmt":"2025-05-08T18:24:13","slug":"galeria_etf_ceramics","status":"publish","type":"page","link":"https:\/\/alfonsogiron.com\/index.php\/galeria_etf_ceramics\/","title":{"rendered":"GALER\u00cdA_ETF_CERAMICS"},"content":{"rendered":"<p>[et_pb_section fb_built=\u00bb1&#8243; _builder_version=\u00bb4.27.4&#8243; _module_preset=\u00bbdefault\u00bb global_colors_info=\u00bb{}\u00bb][et_pb_row _builder_version=\u00bb4.27.4&#8243; _module_preset=\u00bbdefault\u00bb global_colors_info=\u00bb{}\u00bb][et_pb_column type=\u00bb4_4&#8243; _builder_version=\u00bb4.27.4&#8243; _module_preset=\u00bbdefault\u00bb global_colors_info=\u00bb{}\u00bb][et_pb_heading title=\u00bbCERAMICS\u00bb _builder_version=\u00bb4.27.4&#8243; _module_preset=\u00bbdefault\u00bb title_font=\u00bbOswald|700|||||||\u00bb title_text_color=\u00bb#727272&#8243; title_font_size=\u00bb43px\u00bb global_colors_info=\u00bb{}\u00bb][\/et_pb_heading][et_pb_text _builder_version=\u00bb4.27.4&#8243; _module_preset=\u00bbdefault\u00bb global_colors_info=\u00bb{}\u00bb]<\/p>\n<p>La cer\u00e1mica esmaltada es un soporte que permite reproducciones con el m\u00e1ximo detalle de obras gr\u00e1ficas y adem\u00e1s es una estupenda manera de introducir e integrar el arte en la vida cotidiana.<\/p>\n<p>Las series MUG son una manera de conservar algunas obras como si fuesen el souvenir de un viaje.<\/p>\n<p>Piezas personalizadas, series limitadas o ediciones especiales bajo pedido.<\/p>\n<p>[\/et_pb_text][et_pb_gallery gallery_ids=\u00bb1772,447,444,448,443,445,1771,1944,1945,1946,446,1773,442,1981,1982,1983,1984,1985,1986,1987,1988,1989,1990,1991,1914,1774,1775&#8243; posts_number=\u00bb100&#8243; _builder_version=\u00bb4.27.4&#8243; _module_preset=\u00bb52b19a7c-ac3b-423a-8a64-6aa9ec8b2988&#8243; global_colors_info=\u00bb{}\u00bb][\/et_pb_gallery][\/et_pb_column][\/et_pb_row][\/et_pb_section][et_pb_section fb_built=\u00bb1&#8243; _builder_version=\u00bb4.27.4&#8243; _module_preset=\u00bbdefault\u00bb custom_margin=\u00bb|0px||0px|false|false\u00bb custom_padding=\u00bb3px|0px|2px|0px|false|false\u00bb global_colors_info=\u00bb{}\u00bb][et_pb_row column_structure=\u00bb1_4,1_4,1_4,1_4&#8243; _builder_version=\u00bb4.27.4&#8243; _module_preset=\u00bbdefault\u00bb background_color=\u00bb#727272&#8243; width=\u00bb100%\u00bb max_width=\u00bb100%\u00bb min_height=\u00bb261.8px\u00bb custom_margin=\u00bb|0px||0px|false|false\u00bb custom_padding=\u00bb2px|0px|10px|0px|false|false\u00bb global_colors_info=\u00bb{}\u00bb][et_pb_column type=\u00bb1_4&#8243; _builder_version=\u00bb4.27.4&#8243; _module_preset=\u00bbdefault\u00bb global_colors_info=\u00bb{}\u00bb][et_pb_icon font_icon=\u00bb&#xe0c8;||divi||400&#8243; icon_width=\u00bb68px\u00bb url=\u00bbhttps:\/\/www.instagram.com\/alfonsogironestudio\/\u00bb url_new_window=\u00bbon\u00bb _builder_version=\u00bb4.27.4&#8243; _module_preset=\u00bbdefault\u00bb custom_margin=\u00bb||42px|||\u00bb custom_padding=\u00bb20px|0px||0px||\u00bb global_colors_info=\u00bb{}\u00bb][\/et_pb_icon][et_pb_icon font_icon=\u00bb&#xf1b5;||fa||400&#8243; icon_width=\u00bb74px\u00bb url=\u00bbhttps:\/\/www.behance.net\/AGP_studio\u00bb url_new_window=\u00bbon\u00bb _builder_version=\u00bb4.27.4&#8243; _module_preset=\u00bbdefault\u00bb custom_margin=\u00bb-31px||-21px||false|false\u00bb global_colors_info=\u00bb{}\u00bb][\/et_pb_icon][et_pb_icon font_icon=\u00bb&#xe0cb;||divi||400&#8243; icon_width=\u00bb68px\u00bb url=\u00bbhttps:\/\/www.linkedin.com\/in\/alfonso-gir%C3%B3n-p%C3%A9rez-9b30703a\/?originalSubdomain=es\u00bb url_new_window=\u00bbon\u00bb _builder_version=\u00bb4.27.4&#8243; _module_preset=\u00bbdefault\u00bb custom_margin=\u00bb14px||17px|||\u00bb custom_padding=\u00bb18px|||||\u00bb global_colors_info=\u00bb{}\u00bb][\/et_pb_icon][\/et_pb_column][et_pb_column type=\u00bb1_4&#8243; _builder_version=\u00bb4.27.4&#8243; _module_preset=\u00bbdefault\u00bb global_colors_info=\u00bb{}\u00bb][et_pb_text _builder_version=\u00bb4.27.4&#8243; _module_preset=\u00bbdefault\u00bb text_text_color=\u00bb#FCD21D\u00bb text_font_size=\u00bb27px\u00bb min_height=\u00bb14.6px\u00bb custom_margin=\u00bb||-5px|||\u00bb custom_padding=\u00bb27px||15px|||\u00bb global_colors_info=\u00bb{}\u00bb]<\/p>\n<p>INSTAGRAM \/ @alfonsogironestudio<\/p>\n<p>[\/et_pb_text][et_pb_text _builder_version=\u00bb4.27.4&#8243; _module_preset=\u00bbdefault\u00bb text_text_color=\u00bb#FCD21D\u00bb text_font_size=\u00bb27px\u00bb min_height=\u00bb14.8px\u00bb custom_margin=\u00bb||-5px|||\u00bb custom_padding=\u00bb27px||11px|||\u00bb global_colors_info=\u00bb{}\u00bb]<\/p>\n<p>BEHANCE \/ Alfonso Gir\u00f3n<\/p>\n<p>[\/et_pb_text][et_pb_text _builder_version=\u00bb4.27.4&#8243; _module_preset=\u00bbdefault\u00bb text_text_color=\u00bb#FCD21D\u00bb text_font_size=\u00bb27px\u00bb min_height=\u00bb14.8px\u00bb custom_margin=\u00bb||-5px|||\u00bb custom_padding=\u00bb27px||12px|||\u00bb global_colors_info=\u00bb{}\u00bb]<\/p>\n<p>LINKEDIN \/ Alfonso Gir\u00f3n P\u00e9rez<\/p>\n<p>[\/et_pb_text][\/et_pb_column][et_pb_column type=\u00bb1_4&#8243; _builder_version=\u00bb4.27.4&#8243; _module_preset=\u00bbdefault\u00bb global_colors_info=\u00bb{}\u00bb][\/et_pb_column][et_pb_column type=\u00bb1_4&#8243; _builder_version=\u00bb4.27.4&#8243; _module_preset=\u00bbdefault\u00bb global_colors_info=\u00bb{}\u00bb][\/et_pb_column][\/et_pb_row][\/et_pb_section]<\/p>\n","protected":false},"excerpt":{"rendered":"<p>La cer\u00e1mica esmaltada es un soporte que permite reproducciones con el m\u00e1ximo detalle de obras gr\u00e1ficas y adem\u00e1s es una estupenda manera de introducir e integrar el arte en la vida cotidiana. Las series MUG son una manera de conservar algunas obras como si fuesen el souvenir de un viaje. Piezas personalizadas, series limitadas o [&hellip;]<\/p>\n","protected":false},"author":2,"featured_media":0,"parent":0,"menu_order":0,"comment_status":"closed","ping_status":"closed","template":"","meta":{"_et_pb_use_builder":"on","_et_pb_old_content":"","_et_gb_content_width":"","footnotes":""},"class_list":["post-1768","page","type-page","status-publish","hentry"],"_links":{"self":[{"href":"https:\/\/alfonsogiron.com\/index.php\/wp-json\/wp\/v2\/pages\/1768","targetHints":{"allow":["GET"]}}],"collection":[{"href":"https:\/\/alfonsogiron.com\/index.php\/wp-json\/wp\/v2\/pages"}],"about":[{"href":"https:\/\/alfonsogiron.com\/index.php\/wp-json\/wp\/v2\/types\/page"}],"author":[{"embeddable":true,"href":"https:\/\/alfonsogiron.com\/index.php\/wp-json\/wp\/v2\/users\/2"}],"replies":[{"embeddable":true,"href":"https:\/\/alfonsogiron.com\/index.php\/wp-json\/wp\/v2\/comments?post=1768"}],"version-history":[{"count":10,"href":"https:\/\/alfonsogiron.com\/index.php\/wp-json\/wp\/v2\/pages\/1768\/revisions"}],"predecessor-version":[{"id":2020,"href":"https:\/\/alfonsogiron.com\/index.php\/wp-json\/wp\/v2\/pages\/1768\/revisions\/2020"}],"wp:attachment":[{"href":"https:\/\/alfonsogiron.com\/index.php\/wp-json\/wp\/v2\/media?parent=1768"}],"curies":[{"name":"wp","href":"https:\/\/api.w.org\/{rel}","templated":true}]}}