{"id":1509,"date":"2025-03-17T23:31:25","date_gmt":"2025-03-17T22:31:25","guid":{"rendered":"https:\/\/alfonsogiron.com\/?page_id=1509"},"modified":"2025-03-24T10:02:02","modified_gmt":"2025-03-24T09:02:02","slug":"galeria_mt_beach-toys","status":"publish","type":"page","link":"https:\/\/alfonsogiron.com\/index.php\/galeria_mt_beach-toys\/","title":{"rendered":"GALER\u00cdA_MT_BEACH TOYS"},"content":{"rendered":"<p>[et_pb_section fb_built=\u00bb1&#8243; _builder_version=\u00bb4.27.4&#8243; _module_preset=\u00bbdefault\u00bb global_colors_info=\u00bb{}\u00bb][et_pb_row _builder_version=\u00bb4.27.4&#8243; _module_preset=\u00bbdefault\u00bb global_colors_info=\u00bb{}\u00bb][et_pb_column type=\u00bb4_4&#8243; _builder_version=\u00bb4.27.4&#8243; _module_preset=\u00bbdefault\u00bb global_colors_info=\u00bb{}\u00bb][et_pb_heading title=\u00bbBEACH TOYS\u00bb _builder_version=\u00bb4.27.4&#8243; _module_preset=\u00bbdefault\u00bb title_font=\u00bbOswald|700|||||||\u00bb title_text_color=\u00bb#727272&#8243; title_font_size=\u00bb43px\u00bb global_colors_info=\u00bb{}\u00bb][\/et_pb_heading][et_pb_text _builder_version=\u00bb4.27.4&#8243; _module_preset=\u00bbdefault\u00bb hover_enabled=\u00bb0&#8243; global_colors_info=\u00bb{}\u00bb sticky_enabled=\u00bb0&#8243;]<\/p>\n<p>Beach Toys son juguetes realizados en la playa, con los materiales y residuos que podamos encontrar en ella. Maderas de der\u00edva, trozos de pl\u00e1sticos, aparejos de pesca y otros deshechos del mar o de los turistas son la materia prima perfecta para crear barcos, lanchas, submarinos, faros y todo lo que se nos ocurra con la ayuda de unas herramientas b\u00e1sicas: navaja, barvequina y rotuladores. Adem\u00e1s ayudamos a mantener m\u00e1s limpias las playas que visitamos.<\/p>\n<p>[\/et_pb_text][et_pb_gallery gallery_ids=\u00bb1524,1523,1525,1522,743,1514,1517,1513,1526,1515,1518,1520,1516,1519,1521&#8243; posts_number=\u00bb100&#8243; _builder_version=\u00bb4.27.4&#8243; _module_preset=\u00bb52b19a7c-ac3b-423a-8a64-6aa9ec8b2988&#8243; global_colors_info=\u00bb{}\u00bb][\/et_pb_gallery][\/et_pb_column][\/et_pb_row][\/et_pb_section]<\/p>\n","protected":false},"excerpt":{"rendered":"<p>Beach Toys son juguetes realizados en la playa, con los materiales y residuos que podamos encontrar en ella. Maderas de der\u00edva, trozos de pl\u00e1sticos, aparejos de pesca y otros deshechos del mar o de los turistas son la materia prima perfecta para crear barcos, lanchas, submarinos, faros y todo lo que se nos ocurra con [&hellip;]<\/p>\n","protected":false},"author":2,"featured_media":0,"parent":0,"menu_order":0,"comment_status":"closed","ping_status":"closed","template":"","meta":{"_et_pb_use_builder":"on","_et_pb_old_content":"","_et_gb_content_width":"","footnotes":""},"class_list":["post-1509","page","type-page","status-publish","hentry"],"_links":{"self":[{"href":"https:\/\/alfonsogiron.com\/index.php\/wp-json\/wp\/v2\/pages\/1509","targetHints":{"allow":["GET"]}}],"collection":[{"href":"https:\/\/alfonsogiron.com\/index.php\/wp-json\/wp\/v2\/pages"}],"about":[{"href":"https:\/\/alfonsogiron.com\/index.php\/wp-json\/wp\/v2\/types\/page"}],"author":[{"embeddable":true,"href":"https:\/\/alfonsogiron.com\/index.php\/wp-json\/wp\/v2\/users\/2"}],"replies":[{"embeddable":true,"href":"https:\/\/alfonsogiron.com\/index.php\/wp-json\/wp\/v2\/comments?post=1509"}],"version-history":[{"count":4,"href":"https:\/\/alfonsogiron.com\/index.php\/wp-json\/wp\/v2\/pages\/1509\/revisions"}],"predecessor-version":[{"id":1622,"href":"https:\/\/alfonsogiron.com\/index.php\/wp-json\/wp\/v2\/pages\/1509\/revisions\/1622"}],"wp:attachment":[{"href":"https:\/\/alfonsogiron.com\/index.php\/wp-json\/wp\/v2\/media?parent=1509"}],"curies":[{"name":"wp","href":"https:\/\/api.w.org\/{rel}","templated":true}]}}