{"id":1468,"date":"2025-03-17T23:00:58","date_gmt":"2025-03-17T22:00:58","guid":{"rendered":"https:\/\/alfonsogiron.com\/?page_id=1468"},"modified":"2025-04-11T19:26:22","modified_gmt":"2025-04-11T18:26:22","slug":"galeria_mt_mls","status":"publish","type":"page","link":"https:\/\/alfonsogiron.com\/index.php\/galeria_mt_mls\/","title":{"rendered":"GALER\u00cdA_MT_MLS"},"content":{"rendered":"<p>[et_pb_section fb_built=\u00bb1&#8243; _builder_version=\u00bb4.27.4&#8243; _module_preset=\u00bbdefault\u00bb global_colors_info=\u00bb{}\u00bb][et_pb_row _builder_version=\u00bb4.27.4&#8243; _module_preset=\u00bbdefault\u00bb global_colors_info=\u00bb{}\u00bb][et_pb_column type=\u00bb4_4&#8243; _builder_version=\u00bb4.27.4&#8243; _module_preset=\u00bbdefault\u00bb global_colors_info=\u00bb{}\u00bb][et_pb_heading title=\u00bbMLS_MULTI LANDSCAPE SYSTEM\u00bb _builder_version=\u00bb4.27.4&#8243; _module_preset=\u00bbdefault\u00bb title_font=\u00bbOswald|700|||||||\u00bb title_text_color=\u00bb#727272&#8243; title_font_size=\u00bb43px\u00bb global_colors_info=\u00bb{}\u00bb][\/et_pb_heading][et_pb_text _builder_version=\u00bb4.27.4&#8243; _module_preset=\u00bbdefault\u00bb global_colors_info=\u00bb{}\u00bb]<\/p>\n<p>MLS es un sitema con infinatas combinaciones para crear tu propio paisaje y es perfecto en combinaci\u00f3n con el resto de sistemas. <\/p>\n<p>Plantas, \u00e1rboles, relieves, monta\u00f1as, terrenos, carreteras, edificios, se\u00f1ales y carteles para crear tu propio paisaje o escena.<\/p>\n<p>[\/et_pb_text][et_pb_gallery gallery_ids=\u00bb1787,1464,1487,1482,1484,1481,1784,1471,1472,1480,1479,1473,1475,1786,1476,1477,1478,1785,1483,1485,1486,1474&#8243; posts_number=\u00bb100&#8243; _builder_version=\u00bb4.27.4&#8243; _module_preset=\u00bb52b19a7c-ac3b-423a-8a64-6aa9ec8b2988&#8243; hover_enabled=\u00bb0&#8243; global_colors_info=\u00bb{}\u00bb sticky_enabled=\u00bb0&#8243;][\/et_pb_gallery][\/et_pb_column][\/et_pb_row][\/et_pb_section]<\/p>\n","protected":false},"excerpt":{"rendered":"<p>MLS es un sitema con infinatas combinaciones para crear tu propio paisaje y es perfecto en combinaci\u00f3n con el resto de sistemas. Plantas, \u00e1rboles, relieves, monta\u00f1as, terrenos, carreteras, edificios, se\u00f1ales y carteles para crear tu propio paisaje o escena.<\/p>\n","protected":false},"author":2,"featured_media":0,"parent":0,"menu_order":0,"comment_status":"closed","ping_status":"closed","template":"","meta":{"_et_pb_use_builder":"on","_et_pb_old_content":"","_et_gb_content_width":"","footnotes":""},"class_list":["post-1468","page","type-page","status-publish","hentry"],"_links":{"self":[{"href":"https:\/\/alfonsogiron.com\/index.php\/wp-json\/wp\/v2\/pages\/1468","targetHints":{"allow":["GET"]}}],"collection":[{"href":"https:\/\/alfonsogiron.com\/index.php\/wp-json\/wp\/v2\/pages"}],"about":[{"href":"https:\/\/alfonsogiron.com\/index.php\/wp-json\/wp\/v2\/types\/page"}],"author":[{"embeddable":true,"href":"https:\/\/alfonsogiron.com\/index.php\/wp-json\/wp\/v2\/users\/2"}],"replies":[{"embeddable":true,"href":"https:\/\/alfonsogiron.com\/index.php\/wp-json\/wp\/v2\/comments?post=1468"}],"version-history":[{"count":4,"href":"https:\/\/alfonsogiron.com\/index.php\/wp-json\/wp\/v2\/pages\/1468\/revisions"}],"predecessor-version":[{"id":1790,"href":"https:\/\/alfonsogiron.com\/index.php\/wp-json\/wp\/v2\/pages\/1468\/revisions\/1790"}],"wp:attachment":[{"href":"https:\/\/alfonsogiron.com\/index.php\/wp-json\/wp\/v2\/media?parent=1468"}],"curies":[{"name":"wp","href":"https:\/\/api.w.org\/{rel}","templated":true}]}}