{"id":1387,"date":"2025-03-17T20:40:21","date_gmt":"2025-03-17T19:40:21","guid":{"rendered":"https:\/\/alfonsogiron.com\/?page_id=1387"},"modified":"2025-07-07T23:54:37","modified_gmt":"2025-07-07T22:54:37","slug":"galeria_mt_mcs","status":"publish","type":"page","link":"https:\/\/alfonsogiron.com\/index.php\/galeria_mt_mcs\/","title":{"rendered":"GALER\u00cdA_MT_MCS"},"content":{"rendered":"<p>[et_pb_section fb_built=\u00bb1&#8243; _builder_version=\u00bb4.27.4&#8243; _module_preset=\u00bbdefault\u00bb global_colors_info=\u00bb{}\u00bb][et_pb_row _builder_version=\u00bb4.27.4&#8243; _module_preset=\u00bbdefault\u00bb global_colors_info=\u00bb{}\u00bb][et_pb_column type=\u00bb4_4&#8243; _builder_version=\u00bb4.27.4&#8243; _module_preset=\u00bbdefault\u00bb global_colors_info=\u00bb{}\u00bb][et_pb_heading title=\u00bbMCS_MULTI CAR SYSTEM\u00bb _builder_version=\u00bb4.27.4&#8243; _module_preset=\u00bbdefault\u00bb title_font=\u00bbOswald|700|||||||\u00bb title_text_color=\u00bb#727272&#8243; title_font_size=\u00bb43px\u00bb global_colors_info=\u00bb{}\u00bb][\/et_pb_heading][et_pb_text _builder_version=\u00bb4.27.4&#8243; _module_preset=\u00bbdefault\u00bb hover_enabled=\u00bb0&#8243; global_colors_info=\u00bb{}\u00bb sticky_enabled=\u00bb0&#8243;]<\/p>\n<p>MCS es un sistema de piezas que permite crear tu propio dise\u00f1o de veh\u00edculo con diferentes cabinas; sed\u00e1n, coup\u00e9, wagon, cabrio, sport, pick up&#8230; Gracias a las gomas el\u00e1sticas puede reconfigurarse tantas veces como quieras, adem\u00e1s puede combinarse con otros veh\u00edculos y sistemas como MTS, MBS o MLS.<\/p>\n<p>Los accesorios y complementos te permiten customizar y personalizar tu dise\u00f1o y modificarlo cuando quieras.<\/p>\n<p>Modelos: M64 \/ Classic GT \/ TURBO \/ TORO 4X4 \/\u00a0 TORO GTI \/ TORO DAKAR\u00a0<\/p>\n<p>Piezas \u00fanicas numeradas, realizadas a mano. Consultar disponibilidad.<\/p>\n<p>[\/et_pb_text][et_pb_gallery gallery_ids=\u00bb1418,1424,1399,1408,1419,1397,1391,1392,1393,1394,1395,1396,1398,1400,1406,1402,1403,1404,1405,1401,1407,1412,1413,1409,1410,1420,1421,1414,1411,1415,1416,1417,1422,1423,908,1390&#8243; posts_number=\u00bb100&#8243; _builder_version=\u00bb4.27.4&#8243; _module_preset=\u00bb52b19a7c-ac3b-423a-8a64-6aa9ec8b2988&#8243; global_colors_info=\u00bb{}\u00bb][\/et_pb_gallery][\/et_pb_column][\/et_pb_row][et_pb_row _builder_version=\u00bb4.27.4&#8243; _module_preset=\u00bbdefault\u00bb global_colors_info=\u00bb{}\u00bb][et_pb_column type=\u00bb4_4&#8243; _builder_version=\u00bb4.27.4&#8243; _module_preset=\u00bbdefault\u00bb global_colors_info=\u00bb{}\u00bb][et_pb_heading title=\u00bbMCS_MINI\u00bb _builder_version=\u00bb4.27.4&#8243; _module_preset=\u00bbdefault\u00bb title_font=\u00bbOswald|700|||||||\u00bb title_text_color=\u00bb#727272&#8243; title_font_size=\u00bb43px\u00bb global_colors_info=\u00bb{}\u00bb][\/et_pb_heading][et_pb_text _builder_version=\u00bb4.27.4&#8243; _module_preset=\u00bbdefault\u00bb global_colors_info=\u00bb{}\u00bb]<\/p>\n<p>MCS MINI es una versi\u00f3n reducida del Multi Car System, ya que sus piezas principales provienen de lamas de madera laminada de somieres deshechados.<\/p>\n<p>Todos los modelos vienen con dos cabinas diferentes y accesorios para que puedas customizar y reconfigurar tu modelo cuando quieras.<\/p>\n<p>Modelos: M64 \/ Classic GT \/ TURBO\u00a0\u00a0<\/p>\n<p>[\/et_pb_text][et_pb_gallery gallery_ids=\u00bb1390,2027,2029,2037,2028,2033,2030,2031,2032,2038,2034,2039,2035,2036,2041,2040&#8243; posts_number=\u00bb100&#8243; _builder_version=\u00bb4.27.4&#8243; _module_preset=\u00bb52b19a7c-ac3b-423a-8a64-6aa9ec8b2988&#8243; global_colors_info=\u00bb{}\u00bb][\/et_pb_gallery][\/et_pb_column][\/et_pb_row][\/et_pb_section]<\/p>\n","protected":false},"excerpt":{"rendered":"<p>MCS es un sistema de piezas que permite crear tu propio dise\u00f1o de veh\u00edculo con diferentes cabinas; sed\u00e1n, coup\u00e9, wagon, cabrio, sport, pick up&#8230; Gracias a las gomas el\u00e1sticas puede reconfigurarse tantas veces como quieras, adem\u00e1s puede combinarse con otros veh\u00edculos y sistemas como MTS, MBS o MLS. Los accesorios y complementos te permiten customizar [&hellip;]<\/p>\n","protected":false},"author":2,"featured_media":0,"parent":0,"menu_order":0,"comment_status":"closed","ping_status":"closed","template":"","meta":{"_et_pb_use_builder":"on","_et_pb_old_content":"","_et_gb_content_width":"","footnotes":""},"class_list":["post-1387","page","type-page","status-publish","hentry"],"_links":{"self":[{"href":"https:\/\/alfonsogiron.com\/index.php\/wp-json\/wp\/v2\/pages\/1387","targetHints":{"allow":["GET"]}}],"collection":[{"href":"https:\/\/alfonsogiron.com\/index.php\/wp-json\/wp\/v2\/pages"}],"about":[{"href":"https:\/\/alfonsogiron.com\/index.php\/wp-json\/wp\/v2\/types\/page"}],"author":[{"embeddable":true,"href":"https:\/\/alfonsogiron.com\/index.php\/wp-json\/wp\/v2\/users\/2"}],"replies":[{"embeddable":true,"href":"https:\/\/alfonsogiron.com\/index.php\/wp-json\/wp\/v2\/comments?post=1387"}],"version-history":[{"count":8,"href":"https:\/\/alfonsogiron.com\/index.php\/wp-json\/wp\/v2\/pages\/1387\/revisions"}],"predecessor-version":[{"id":2127,"href":"https:\/\/alfonsogiron.com\/index.php\/wp-json\/wp\/v2\/pages\/1387\/revisions\/2127"}],"wp:attachment":[{"href":"https:\/\/alfonsogiron.com\/index.php\/wp-json\/wp\/v2\/media?parent=1387"}],"curies":[{"name":"wp","href":"https:\/\/api.w.org\/{rel}","templated":true}]}}