{"id":1361,"date":"2025-03-14T12:48:20","date_gmt":"2025-03-14T11:48:20","guid":{"rendered":"https:\/\/alfonsogiron.com\/?page_id=1361"},"modified":"2025-07-11T00:58:30","modified_gmt":"2025-07-10T23:58:30","slug":"galeria_estudio_objeto","status":"publish","type":"page","link":"https:\/\/alfonsogiron.com\/index.php\/galeria_estudio_objeto\/","title":{"rendered":"GALER\u00cdA_estudio_OBJETO"},"content":{"rendered":"<p>[et_pb_section fb_built=\u00bb1&#8243; _builder_version=\u00bb4.27.4&#8243; _module_preset=\u00bbdefault\u00bb global_colors_info=\u00bb{}\u00bb][et_pb_row _builder_version=\u00bb4.27.4&#8243; _module_preset=\u00bbdefault\u00bb global_colors_info=\u00bb{}\u00bb][et_pb_column type=\u00bb4_4&#8243; _builder_version=\u00bb4.27.4&#8243; _module_preset=\u00bbdefault\u00bb global_colors_info=\u00bb{}\u00bb][et_pb_heading title=\u00bbOBJETO  PRODUCTO\u00bb _builder_version=\u00bb4.27.4&#8243; _module_preset=\u00bbdefault\u00bb title_font=\u00bbOswald|700|||||||\u00bb title_text_color=\u00bb#727272&#8243; title_font_size=\u00bb43px\u00bb global_colors_info=\u00bb{}\u00bb][\/et_pb_heading][et_pb_text _builder_version=\u00bb4.27.4&#8243; _module_preset=\u00bbdefault\u00bb global_colors_info=\u00bb{}\u00bb]<\/p>\n<p>El dise\u00f1o de objetos no suele partir de cero, en muchas ocasiones un material, un retal, o un objeto que ha perdido su utilidad original puede ser un magn\u00edfico comienzo para un nuevo dise\u00f1o. La sostenibilidad es un ingrediente principal de la producci\u00f3n artesanal y en el dise\u00f1o industrial debe ser una premisa.<\/p>\n<p>[\/et_pb_text][et_pb_gallery gallery_ids=\u00bb1364,1367,1368,1733,811,1734,1735,1736,1373,1366,1365,1374,442,1989,1991,1986,1981,1983,1771,292,1945,1944,1772,1862,1369,1372,1371,1742,2146,2144,2145,2143,743,414,49,1497,1482,1569,1487,1541,1539,1394,1398,2027,2029,2039,2036,2032,1738,1737,1739,1661,1664,1932,1594,1602&#8243; posts_number=\u00bb100&#8243; _builder_version=\u00bb4.27.4&#8243; _module_preset=\u00bb52b19a7c-ac3b-423a-8a64-6aa9ec8b2988&#8243; hover_enabled=\u00bb0&#8243; global_colors_info=\u00bb{}\u00bb sticky_enabled=\u00bb0&#8243;][\/et_pb_gallery][\/et_pb_column][\/et_pb_row][\/et_pb_section]<\/p>\n","protected":false},"excerpt":{"rendered":"<p>El dise\u00f1o de objetos no suele partir de cero, en muchas ocasiones un material, un retal, o un objeto que ha perdido su utilidad original puede ser un magn\u00edfico comienzo para un nuevo dise\u00f1o. La sostenibilidad es un ingrediente principal de la producci\u00f3n artesanal y en el dise\u00f1o industrial debe ser una premisa.<\/p>\n","protected":false},"author":2,"featured_media":0,"parent":0,"menu_order":0,"comment_status":"closed","ping_status":"closed","template":"","meta":{"_et_pb_use_builder":"on","_et_pb_old_content":"","_et_gb_content_width":"","footnotes":""},"class_list":["post-1361","page","type-page","status-publish","hentry"],"_links":{"self":[{"href":"https:\/\/alfonsogiron.com\/index.php\/wp-json\/wp\/v2\/pages\/1361","targetHints":{"allow":["GET"]}}],"collection":[{"href":"https:\/\/alfonsogiron.com\/index.php\/wp-json\/wp\/v2\/pages"}],"about":[{"href":"https:\/\/alfonsogiron.com\/index.php\/wp-json\/wp\/v2\/types\/page"}],"author":[{"embeddable":true,"href":"https:\/\/alfonsogiron.com\/index.php\/wp-json\/wp\/v2\/users\/2"}],"replies":[{"embeddable":true,"href":"https:\/\/alfonsogiron.com\/index.php\/wp-json\/wp\/v2\/comments?post=1361"}],"version-history":[{"count":8,"href":"https:\/\/alfonsogiron.com\/index.php\/wp-json\/wp\/v2\/pages\/1361\/revisions"}],"predecessor-version":[{"id":2148,"href":"https:\/\/alfonsogiron.com\/index.php\/wp-json\/wp\/v2\/pages\/1361\/revisions\/2148"}],"wp:attachment":[{"href":"https:\/\/alfonsogiron.com\/index.php\/wp-json\/wp\/v2\/media?parent=1361"}],"curies":[{"name":"wp","href":"https:\/\/api.w.org\/{rel}","templated":true}]}}