{"id":1353,"date":"2025-03-14T02:08:06","date_gmt":"2025-03-14T01:08:06","guid":{"rendered":"https:\/\/alfonsogiron.com\/?page_id=1353"},"modified":"2026-03-08T22:42:15","modified_gmt":"2026-03-08T21:42:15","slug":"galeria_estudio_espacio-expositivo","status":"publish","type":"page","link":"https:\/\/alfonsogiron.com\/index.php\/galeria_estudio_espacio-expositivo\/","title":{"rendered":"GALER\u00cdA_ESTUDIO_ESPACIO EXPOSITIVO"},"content":{"rendered":"<p>[et_pb_section fb_built=\u00bb1&#8243; _builder_version=\u00bb4.27.4&#8243; _module_preset=\u00bbdefault\u00bb global_colors_info=\u00bb{}\u00bb][et_pb_row _builder_version=\u00bb4.27.4&#8243; _module_preset=\u00bbdefault\u00bb global_colors_info=\u00bb{}\u00bb][et_pb_column type=\u00bb4_4&#8243; _builder_version=\u00bb4.27.4&#8243; _module_preset=\u00bbdefault\u00bb global_colors_info=\u00bb{}\u00bb][et_pb_heading title=\u00bbESPACIO EXPOSITIVO\u00bb _builder_version=\u00bb4.27.4&#8243; _module_preset=\u00bbdefault\u00bb title_font=\u00bbOswald|700|||||||\u00bb title_text_color=\u00bb#727272&#8243; title_font_size=\u00bb43px\u00bb global_colors_info=\u00bb{}\u00bb][\/et_pb_heading][et_pb_text _builder_version=\u00bb4.27.4&#8243; _module_preset=\u00bbdefault\u00bb hover_enabled=\u00bb0&#8243; global_colors_info=\u00bb{}\u00bb sticky_enabled=\u00bb0&#8243;]<\/p>\n<p>Dise\u00f1ar los espacios de exposici\u00f3n requiere ponerse en el lugar del espectador, visitante o cliente. Museograf\u00eda, dise\u00f1o de stands, retail, exposiciones&#8230; pasen y vean!!<\/p>\n<p>[\/et_pb_text][et_pb_gallery gallery_ids=\u00bb1344,1292,1343,1293,1616,1294,1295,1613,1610,1612,1611,1291,1290,1289,1286,819,954,831,959,268,321,1615,1617&#8243; posts_number=\u00bb100&#8243; _builder_version=\u00bb4.27.4&#8243; _module_preset=\u00bb52b19a7c-ac3b-423a-8a64-6aa9ec8b2988&#8243; global_colors_info=\u00bb{}\u00bb][\/et_pb_gallery][\/et_pb_column][\/et_pb_row][\/et_pb_section]<\/p>\n","protected":false},"excerpt":{"rendered":"<p>Dise\u00f1ar los espacios de exposici\u00f3n requiere ponerse en el lugar del espectador, visitante o cliente. Museograf\u00eda, dise\u00f1o de stands, retail, exposiciones&#8230; pasen y vean!!<\/p>\n","protected":false},"author":2,"featured_media":0,"parent":0,"menu_order":0,"comment_status":"closed","ping_status":"closed","template":"","meta":{"_et_pb_use_builder":"on","_et_pb_old_content":"","_et_gb_content_width":"","footnotes":""},"class_list":["post-1353","page","type-page","status-publish","hentry"],"_links":{"self":[{"href":"https:\/\/alfonsogiron.com\/index.php\/wp-json\/wp\/v2\/pages\/1353","targetHints":{"allow":["GET"]}}],"collection":[{"href":"https:\/\/alfonsogiron.com\/index.php\/wp-json\/wp\/v2\/pages"}],"about":[{"href":"https:\/\/alfonsogiron.com\/index.php\/wp-json\/wp\/v2\/types\/page"}],"author":[{"embeddable":true,"href":"https:\/\/alfonsogiron.com\/index.php\/wp-json\/wp\/v2\/users\/2"}],"replies":[{"embeddable":true,"href":"https:\/\/alfonsogiron.com\/index.php\/wp-json\/wp\/v2\/comments?post=1353"}],"version-history":[{"count":4,"href":"https:\/\/alfonsogiron.com\/index.php\/wp-json\/wp\/v2\/pages\/1353\/revisions"}],"predecessor-version":[{"id":2227,"href":"https:\/\/alfonsogiron.com\/index.php\/wp-json\/wp\/v2\/pages\/1353\/revisions\/2227"}],"wp:attachment":[{"href":"https:\/\/alfonsogiron.com\/index.php\/wp-json\/wp\/v2\/media?parent=1353"}],"curies":[{"name":"wp","href":"https:\/\/api.w.org\/{rel}","templated":true}]}}