{"id":1128,"date":"2025-03-12T13:05:54","date_gmt":"2025-03-12T12:05:54","guid":{"rendered":"https:\/\/alfonsogiron.com\/?page_id=1128"},"modified":"2025-05-08T00:34:56","modified_gmt":"2025-05-07T23:34:56","slug":"galeria_etf_drawings","status":"publish","type":"page","link":"https:\/\/alfonsogiron.com\/index.php\/galeria_etf_drawings\/","title":{"rendered":"GALER\u00cdA_ETF_DRAWINGS"},"content":{"rendered":"<p>[et_pb_section fb_built=\u00bb1&#8243; _builder_version=\u00bb4.27.4&#8243; _module_preset=\u00bbdefault\u00bb global_colors_info=\u00bb{}\u00bb][et_pb_row _builder_version=\u00bb4.27.4&#8243; _module_preset=\u00bbdefault\u00bb global_colors_info=\u00bb{}\u00bb][et_pb_column type=\u00bb4_4&#8243; _builder_version=\u00bb4.27.4&#8243; _module_preset=\u00bbdefault\u00bb global_colors_info=\u00bb{}\u00bb][et_pb_heading title=\u00bbDRAWINGS\u00bb _builder_version=\u00bb4.27.4&#8243; _module_preset=\u00bbdefault\u00bb title_font=\u00bbOswald|700|||||||\u00bb title_text_color=\u00bb#727272&#8243; title_font_size=\u00bb43px\u00bb global_colors_info=\u00bb{}\u00bb][\/et_pb_heading][et_pb_text _builder_version=\u00bb4.27.4&#8243; _module_preset=\u00bbdefault\u00bb global_colors_info=\u00bb{}\u00bb]<\/p>\n<p>Selecci\u00f3n de dibujos, difer\u00e9ntes t\u00e9cnicas y formatos.<\/p>\n<p>[\/et_pb_text][et_pb_gallery gallery_ids=\u00bb1885,1882,1135,1883,1132,1884,1976,1975,1139,286,1136,1133,1134,1974,82,1138,1886,1880,1881,1879,1887,1888,1889,1890,1891,1892,1893,1894&#8243; posts_number=\u00bb100&#8243; _builder_version=\u00bb4.27.4&#8243; _module_preset=\u00bb52b19a7c-ac3b-423a-8a64-6aa9ec8b2988&#8243; hover_enabled=\u00bb0&#8243; global_colors_info=\u00bb{}\u00bb sticky_enabled=\u00bb0&#8243;][\/et_pb_gallery][\/et_pb_column][\/et_pb_row][\/et_pb_section][et_pb_section fb_built=\u00bb1&#8243; _builder_version=\u00bb4.27.4&#8243; _module_preset=\u00bbdefault\u00bb custom_margin=\u00bb|0px||0px|false|false\u00bb custom_padding=\u00bb3px|0px|2px|0px|false|false\u00bb global_colors_info=\u00bb{}\u00bb][et_pb_row column_structure=\u00bb1_4,1_4,1_4,1_4&#8243; _builder_version=\u00bb4.27.4&#8243; _module_preset=\u00bbdefault\u00bb background_color=\u00bb#727272&#8243; width=\u00bb100%\u00bb max_width=\u00bb100%\u00bb min_height=\u00bb261.8px\u00bb custom_margin=\u00bb|0px||0px|false|false\u00bb custom_padding=\u00bb2px|0px|10px|0px|false|false\u00bb global_colors_info=\u00bb{}\u00bb][et_pb_column type=\u00bb1_4&#8243; _builder_version=\u00bb4.27.4&#8243; _module_preset=\u00bbdefault\u00bb global_colors_info=\u00bb{}\u00bb][et_pb_icon font_icon=\u00bb&#xe0c8;||divi||400&#8243; icon_width=\u00bb68px\u00bb url=\u00bbhttps:\/\/www.instagram.com\/alfonsogironestudio\/\u00bb url_new_window=\u00bbon\u00bb _builder_version=\u00bb4.27.4&#8243; _module_preset=\u00bbdefault\u00bb custom_margin=\u00bb||42px|||\u00bb custom_padding=\u00bb20px|0px||0px||\u00bb global_colors_info=\u00bb{}\u00bb][\/et_pb_icon][et_pb_icon font_icon=\u00bb&#xf1b5;||fa||400&#8243; icon_width=\u00bb74px\u00bb url=\u00bbhttps:\/\/www.behance.net\/AGP_studio\u00bb url_new_window=\u00bbon\u00bb _builder_version=\u00bb4.27.4&#8243; _module_preset=\u00bbdefault\u00bb custom_margin=\u00bb-31px||-21px||false|false\u00bb global_colors_info=\u00bb{}\u00bb][\/et_pb_icon][et_pb_icon font_icon=\u00bb&#xe0cb;||divi||400&#8243; icon_width=\u00bb68px\u00bb url=\u00bbhttps:\/\/www.linkedin.com\/in\/alfonso-gir%C3%B3n-p%C3%A9rez-9b30703a\/?originalSubdomain=es\u00bb url_new_window=\u00bbon\u00bb _builder_version=\u00bb4.27.4&#8243; _module_preset=\u00bbdefault\u00bb custom_margin=\u00bb14px||17px|||\u00bb custom_padding=\u00bb18px|||||\u00bb global_colors_info=\u00bb{}\u00bb][\/et_pb_icon][\/et_pb_column][et_pb_column type=\u00bb1_4&#8243; _builder_version=\u00bb4.27.4&#8243; _module_preset=\u00bbdefault\u00bb global_colors_info=\u00bb{}\u00bb][et_pb_text _builder_version=\u00bb4.27.4&#8243; _module_preset=\u00bbdefault\u00bb text_text_color=\u00bb#FCD21D\u00bb text_font_size=\u00bb27px\u00bb min_height=\u00bb14.6px\u00bb custom_margin=\u00bb||-5px|||\u00bb custom_padding=\u00bb27px||15px|||\u00bb global_colors_info=\u00bb{}\u00bb]<\/p>\n<p>INSTAGRAM \/ @alfonsogironestudio<\/p>\n<p>[\/et_pb_text][et_pb_text _builder_version=\u00bb4.27.4&#8243; _module_preset=\u00bbdefault\u00bb text_text_color=\u00bb#FCD21D\u00bb text_font_size=\u00bb27px\u00bb min_height=\u00bb14.8px\u00bb custom_margin=\u00bb||-5px|||\u00bb custom_padding=\u00bb27px||11px|||\u00bb global_colors_info=\u00bb{}\u00bb]<\/p>\n<p>BEHANCE \/ Alfonso Gir\u00f3n<\/p>\n<p>[\/et_pb_text][et_pb_text _builder_version=\u00bb4.27.4&#8243; _module_preset=\u00bbdefault\u00bb text_text_color=\u00bb#FCD21D\u00bb text_font_size=\u00bb27px\u00bb min_height=\u00bb14.8px\u00bb custom_margin=\u00bb||-5px|||\u00bb custom_padding=\u00bb27px||12px|||\u00bb global_colors_info=\u00bb{}\u00bb]<\/p>\n<p>LINKEDIN \/ Alfonso Gir\u00f3n P\u00e9rez<\/p>\n<p>[\/et_pb_text][\/et_pb_column][et_pb_column type=\u00bb1_4&#8243; _builder_version=\u00bb4.27.4&#8243; _module_preset=\u00bbdefault\u00bb global_colors_info=\u00bb{}\u00bb][\/et_pb_column][et_pb_column type=\u00bb1_4&#8243; _builder_version=\u00bb4.27.4&#8243; _module_preset=\u00bbdefault\u00bb global_colors_info=\u00bb{}\u00bb][\/et_pb_column][\/et_pb_row][\/et_pb_section]<\/p>\n","protected":false},"excerpt":{"rendered":"<p>Selecci\u00f3n de dibujos, difer\u00e9ntes t\u00e9cnicas y formatos.INSTAGRAM \/ @alfonsogironestudioBEHANCE \/ Alfonso Gir\u00f3nLINKEDIN \/ Alfonso Gir\u00f3n P\u00e9rez<\/p>\n","protected":false},"author":2,"featured_media":0,"parent":0,"menu_order":0,"comment_status":"closed","ping_status":"closed","template":"","meta":{"_et_pb_use_builder":"on","_et_pb_old_content":"","_et_gb_content_width":"","footnotes":""},"class_list":["post-1128","page","type-page","status-publish","hentry"],"_links":{"self":[{"href":"https:\/\/alfonsogiron.com\/index.php\/wp-json\/wp\/v2\/pages\/1128","targetHints":{"allow":["GET"]}}],"collection":[{"href":"https:\/\/alfonsogiron.com\/index.php\/wp-json\/wp\/v2\/pages"}],"about":[{"href":"https:\/\/alfonsogiron.com\/index.php\/wp-json\/wp\/v2\/types\/page"}],"author":[{"embeddable":true,"href":"https:\/\/alfonsogiron.com\/index.php\/wp-json\/wp\/v2\/users\/2"}],"replies":[{"embeddable":true,"href":"https:\/\/alfonsogiron.com\/index.php\/wp-json\/wp\/v2\/comments?post=1128"}],"version-history":[{"count":7,"href":"https:\/\/alfonsogiron.com\/index.php\/wp-json\/wp\/v2\/pages\/1128\/revisions"}],"predecessor-version":[{"id":1979,"href":"https:\/\/alfonsogiron.com\/index.php\/wp-json\/wp\/v2\/pages\/1128\/revisions\/1979"}],"wp:attachment":[{"href":"https:\/\/alfonsogiron.com\/index.php\/wp-json\/wp\/v2\/media?parent=1128"}],"curies":[{"name":"wp","href":"https:\/\/api.w.org\/{rel}","templated":true}]}}