{"id":1123,"date":"2025-03-12T13:01:29","date_gmt":"2025-03-12T12:01:29","guid":{"rendered":"https:\/\/alfonsogiron.com\/?page_id=1123"},"modified":"2025-05-08T19:14:53","modified_gmt":"2025-05-08T18:14:53","slug":"galeria_etf_stones","status":"publish","type":"page","link":"https:\/\/alfonsogiron.com\/index.php\/galeria_etf_stones\/","title":{"rendered":"GALER\u00cdA_ETF_STONES"},"content":{"rendered":"<p>[et_pb_section fb_built=\u00bb1&#8243; _builder_version=\u00bb4.27.4&#8243; _module_preset=\u00bbdefault\u00bb global_colors_info=\u00bb{}\u00bb][et_pb_row _builder_version=\u00bb4.27.4&#8243; _module_preset=\u00bbdefault\u00bb global_colors_info=\u00bb{}\u00bb][et_pb_column type=\u00bb4_4&#8243; _builder_version=\u00bb4.27.4&#8243; _module_preset=\u00bbdefault\u00bb global_colors_info=\u00bb{}\u00bb][et_pb_heading title=\u00bbSTONES\u00bb _builder_version=\u00bb4.27.4&#8243; _module_preset=\u00bbdefault\u00bb title_font=\u00bbOswald|700|||||||\u00bb title_text_color=\u00bb#727272&#8243; title_font_size=\u00bb43px\u00bb global_colors_info=\u00bb{}\u00bb][\/et_pb_heading][et_pb_text _builder_version=\u00bb4.27.4&#8243; _module_preset=\u00bbdefault\u00bb hover_enabled=\u00bb0&#8243; global_colors_info=\u00bb{}\u00bb sticky_enabled=\u00bb0&#8243;]<\/p>\n<p>Shaped by Nature, designed by ETF \/ Selecci\u00f3n de piedras moldeadas por la Naturaleza e intervenidas por El Turista Formal.<\/p>\n<p>Su forma, dimensiones y textura les permiten ser un lienzo en tres dimensiones hergon\u00f3mico, \u00fanico e irrepetible.<\/p>\n<p>Elementos naturales inertes, esculpidos durante miles de a\u00f1os, abandonan su situaci\u00f3n para transformar su aspecto mediante la pintura, como lo har\u00edan sobre nosotros el maquillaje, el tatuaje o la vestimenta.<\/p>\n<p>Consultar disponibilidad<\/p>\n<p>[\/et_pb_text][et_pb_gallery gallery_ids=\u00bb288,269,1873,287,254,266,265,281,1938,1939,1968,1969,275,282,264,283,1863,263,1852,1853,1964,1962,1963,1965,279,277,1871,278,1872,267,273,272,271,268,1966,1967,1864,276,1867,1868,1865,1854,1855,1856,1857,1869,1866,1870,1874,1861,1875,1862,1910,1940,1941,280&#8243; posts_number=\u00bb100&#8243; _builder_version=\u00bb4.27.4&#8243; _module_preset=\u00bb52b19a7c-ac3b-423a-8a64-6aa9ec8b2988&#8243; global_colors_info=\u00bb{}\u00bb][\/et_pb_gallery][\/et_pb_column][\/et_pb_row][\/et_pb_section]<\/p>\n","protected":false},"excerpt":{"rendered":"<p>Shaped by Nature, designed by ETF \/ Selecci\u00f3n de piedras moldeadas por la Naturaleza e intervenidas por El Turista Formal. Su forma, dimensiones y textura les permiten ser un lienzo en tres dimensiones hergon\u00f3mico, \u00fanico e irrepetible. Elementos naturales inertes, esculpidos durante miles de a\u00f1os, abandonan su situaci\u00f3n para transformar su aspecto mediante la pintura, [&hellip;]<\/p>\n","protected":false},"author":2,"featured_media":0,"parent":0,"menu_order":0,"comment_status":"closed","ping_status":"closed","template":"","meta":{"_et_pb_use_builder":"on","_et_pb_old_content":"","_et_gb_content_width":"","footnotes":""},"class_list":["post-1123","page","type-page","status-publish","hentry"],"_links":{"self":[{"href":"https:\/\/alfonsogiron.com\/index.php\/wp-json\/wp\/v2\/pages\/1123","targetHints":{"allow":["GET"]}}],"collection":[{"href":"https:\/\/alfonsogiron.com\/index.php\/wp-json\/wp\/v2\/pages"}],"about":[{"href":"https:\/\/alfonsogiron.com\/index.php\/wp-json\/wp\/v2\/types\/page"}],"author":[{"embeddable":true,"href":"https:\/\/alfonsogiron.com\/index.php\/wp-json\/wp\/v2\/users\/2"}],"replies":[{"embeddable":true,"href":"https:\/\/alfonsogiron.com\/index.php\/wp-json\/wp\/v2\/comments?post=1123"}],"version-history":[{"count":11,"href":"https:\/\/alfonsogiron.com\/index.php\/wp-json\/wp\/v2\/pages\/1123\/revisions"}],"predecessor-version":[{"id":2014,"href":"https:\/\/alfonsogiron.com\/index.php\/wp-json\/wp\/v2\/pages\/1123\/revisions\/2014"}],"wp:attachment":[{"href":"https:\/\/alfonsogiron.com\/index.php\/wp-json\/wp\/v2\/media?parent=1123"}],"curies":[{"name":"wp","href":"https:\/\/api.w.org\/{rel}","templated":true}]}}